{"id":32,"date":"2020-03-14T16:31:52","date_gmt":"2020-03-14T16:31:52","guid":{"rendered":"http:\/\/serafinservice.pl\/?page_id=32"},"modified":"2020-03-14T16:45:11","modified_gmt":"2020-03-14T16:45:11","slug":"oferta","status":"publish","type":"page","link":"https:\/\/serafinservice.pl\/index.php\/oferta\/","title":{"rendered":"Oferta"},"content":{"rendered":"\n<div class=\"wp-block-image\"><figure class=\"alignright size-large is-resized\"><img decoding=\"async\" src=\"http:\/\/serafinservice.pl\/wp-content\/uploads\/2020\/03\/blue-car-2539244.jpg\" alt=\"\" class=\"wp-image-24\" width=\"400\"\/><\/figure><\/div>\n\n\n\n<ul class=\"wp-block-list\"><li>Naprawy blacharskie.<\/li><li>Naprawy lakiernicze.<\/li><li>Naprawy mechaniczne.<\/li><li>Renowacja lakieru.<\/li><li>Spawanie plastik\u00f3w.<\/li><li>Polerowanie reflektor\u00f3w.<\/li><li>Zabezpieczenia antykorozyjne podwozi.<\/li><li>Myjnia samochodowa.<\/li><li>Wypo\u017cyczalnia samochod\u00f3w.<\/li><\/ul>\n\n\n\n<p><\/p>\n\n\n\n<p><\/p>\n\n\n\n<p class=\"has-text-align-center\">Rozliczenia bezgot\u00f3wkowe z firmami ubezpieczeniowymi.<br> Samoch\u00f3d zast\u0119pczy na czas naprawy.<\/p>\n","protected":false},"excerpt":{"rendered":"<p>Naprawy blacharskie. Naprawy lakiernicze. Naprawy mechaniczne. Renowacja lakieru. Spawanie plastik\u00f3w. Polerowanie reflektor\u00f3w. Zabezpieczenia antykorozyjne podwozi. Myjnia samochodowa. Wypo\u017cyczalnia samochod\u00f3w. Rozliczenia bezgot\u00f3wkowe z firmami ubezpieczeniowymi. Samoch\u00f3d zast\u0119pczy na czas naprawy.<\/p>\n","protected":false},"author":1,"featured_media":0,"parent":0,"menu_order":0,"comment_status":"closed","ping_status":"closed","template":"","meta":{"footnotes":""},"class_list":["post-32","page","type-page","status-publish","hentry"],"_links":{"self":[{"href":"https:\/\/serafinservice.pl\/index.php\/wp-json\/wp\/v2\/pages\/32","targetHints":{"allow":["GET"]}}],"collection":[{"href":"https:\/\/serafinservice.pl\/index.php\/wp-json\/wp\/v2\/pages"}],"about":[{"href":"https:\/\/serafinservice.pl\/index.php\/wp-json\/wp\/v2\/types\/page"}],"author":[{"embeddable":true,"href":"https:\/\/serafinservice.pl\/index.php\/wp-json\/wp\/v2\/users\/1"}],"replies":[{"embeddable":true,"href":"https:\/\/serafinservice.pl\/index.php\/wp-json\/wp\/v2\/comments?post=32"}],"version-history":[{"count":13,"href":"https:\/\/serafinservice.pl\/index.php\/wp-json\/wp\/v2\/pages\/32\/revisions"}],"predecessor-version":[{"id":52,"href":"https:\/\/serafinservice.pl\/index.php\/wp-json\/wp\/v2\/pages\/32\/revisions\/52"}],"wp:attachment":[{"href":"https:\/\/serafinservice.pl\/index.php\/wp-json\/wp\/v2\/media?parent=32"}],"curies":[{"name":"wp","href":"https:\/\/api.w.org\/{rel}","templated":true}]}}